{"id":2,"date":"2025-03-05T00:04:36","date_gmt":"2025-03-04T23:04:36","guid":{"rendered":"http:\/\/lacasonadesames.com\/casa-rural-picosdeeuropa\/?page_id=2"},"modified":"2025-12-25T12:56:51","modified_gmt":"2025-12-25T11:56:51","slug":"casa-rural-asturias","status":"publish","type":"page","link":"http:\/\/lacasonadesames.com\/casa-rural-picosdeeuropa\/casa-rural-asturias\/","title":{"rendered":"La casa rural"},"content":{"rendered":"\r\n<p>En la casa rural La&nbsp; Casona de Sames te ofrecemos un trato familiar en una casona&nbsp; de estilo Indiano construida a principios del siglo pasado y adaptada como CASA RURAL en Asturias.<\/p>\r\n\r\n\r\n\r\n<p>Estamos situados en el <a href=\"http:\/\/lacasonadesames.com\/casa-rural-picosdeeuropa\/entorno-de-picos-de-europa\/\">entorno incomparable  de Picos de  Europa<\/a> (Asturias),  a un paso del parque natural de Ponga.<\/p>\r\n\r\n\r\n\r\n<p>La casa rural consta de tres plantas con cinco acogedoras habitaciones: cuatro de matrimonio y una doble, todas ellas con ba\u00f1o privado, Wi-Fi gratuita y excelentes vistas a la parte occidental de los PICOS DE EUROPA en Asturias ( Pico Cabronero)<\/p>\r\n\r\n\r\n\r\n<figure class=\"wp-block-image\"><img loading=\"lazy\" decoding=\"async\" width=\"600\" height=\"400\" src=\"http:\/\/lacasonadesames.com\/casa-rural-picosdeeuropa\/wp-content\/uploads\/2019\/03\/ext-casarural8.jpg\" alt=\"\" class=\"wp-image-215\" srcset=\"http:\/\/lacasonadesames.com\/casa-rural-picosdeeuropa\/wp-content\/uploads\/2019\/03\/ext-casarural8.jpg 600w, http:\/\/lacasonadesames.com\/casa-rural-picosdeeuropa\/wp-content\/uploads\/2019\/03\/ext-casarural8-300x200.jpg 300w\" sizes=\"auto, (max-width: 600px) 100vw, 600px\" \/><\/figure>\r\n\r\n\r\n\r\n<p>En la planta baja de la casa rural, se encuentra el sal\u00f3n com\u00fan con dos CHIMENEAS y distintos ambientes; el espacio id\u00f3neo para descansar, disfrutar de una lectura agradable, escuchar buena m\u00fasica, mantener conversaciones distendidas.<\/p>\r\n\r\n\r\n\r\n<p>En el exterior, la Casona de Sames, dispone de parking privado y est\u00e1 provista de una amplia terraza \u2013 con vistas al Valle del Sella y al Desfiladero de los Beyos- en el que poder relajarse a cualquier hora del d\u00eda: <a href=\"http:\/\/lacasonadesames.com\/casa-rural-picosdeeuropa\/galeria-de-imagenes\/\">la vista y el entorno<\/a> es de lo m\u00e1s valorado entre nuestros clientes.<\/p>\r\n\r\n\r\n\r\n<p>Nos esforzamos en cada jornada de tu viaje para que sea \u00fanico: realizamos la limpieza de tu habitaci\u00f3n con frecuencia diaria, intentamos que los <a href=\"http:\/\/lacasonadesames.com\/casa-rural-picosdeeuropa\/desayunos\/\">desayunos<\/a> sean de una calidad superior (y personalizados si es que lo necesitas), te brindamos toda la informaci\u00f3n de la comarca para que disfrutes de senderismo, descenso del Sella en canoas, paseos a caballo, restaurantes con aut\u00e9ntica cocina casera, etc :  tu <a href=\"http:\/\/lacasonadesames.com\/casa-rural-picosdeeuropa\/tarifas-y-reservas\/\">mejor experiencia<\/a> es nuestro objetivo.<\/p>\r\n\r\n\r\n\r\nngg_shortcode_0_placeholder\r\n","protected":false},"excerpt":{"rendered":"<p>En la casa rural La&nbsp; Casona de Sames te ofrecemos un trato familiar en una casona&nbsp; de estilo Indiano construida a principios del siglo pasado y adaptada como CASA RURAL en Asturias. Estamos situados en el entorno incomparable de Picos de Europa (Asturias), a un paso del parque natural de Ponga. La casa rural consta [&hellip;]<\/p>\n","protected":false},"author":1,"featured_media":208,"parent":0,"menu_order":0,"comment_status":"closed","ping_status":"closed","template":"","meta":{"_genesis_hide_title":false,"_genesis_hide_breadcrumbs":false,"_genesis_hide_singular_image":false,"_genesis_hide_footer_widgets":false,"_genesis_custom_body_class":"","_genesis_custom_post_class":"","_genesis_layout":"","ngg_post_thumbnail":0,"footnotes":""},"class_list":{"0":"post-2","1":"page","2":"type-page","3":"status-publish","4":"has-post-thumbnail","6":"entry"},"_links":{"self":[{"href":"http:\/\/lacasonadesames.com\/casa-rural-picosdeeuropa\/wp-json\/wp\/v2\/pages\/2","targetHints":{"allow":["GET"]}}],"collection":[{"href":"http:\/\/lacasonadesames.com\/casa-rural-picosdeeuropa\/wp-json\/wp\/v2\/pages"}],"about":[{"href":"http:\/\/lacasonadesames.com\/casa-rural-picosdeeuropa\/wp-json\/wp\/v2\/types\/page"}],"author":[{"embeddable":true,"href":"http:\/\/lacasonadesames.com\/casa-rural-picosdeeuropa\/wp-json\/wp\/v2\/users\/1"}],"replies":[{"embeddable":true,"href":"http:\/\/lacasonadesames.com\/casa-rural-picosdeeuropa\/wp-json\/wp\/v2\/comments?post=2"}],"version-history":[{"count":19,"href":"http:\/\/lacasonadesames.com\/casa-rural-picosdeeuropa\/wp-json\/wp\/v2\/pages\/2\/revisions"}],"predecessor-version":[{"id":315,"href":"http:\/\/lacasonadesames.com\/casa-rural-picosdeeuropa\/wp-json\/wp\/v2\/pages\/2\/revisions\/315"}],"wp:featuredmedia":[{"embeddable":true,"href":"http:\/\/lacasonadesames.com\/casa-rural-picosdeeuropa\/wp-json\/wp\/v2\/media\/208"}],"wp:attachment":[{"href":"http:\/\/lacasonadesames.com\/casa-rural-picosdeeuropa\/wp-json\/wp\/v2\/media?parent=2"}],"curies":[{"name":"wp","href":"https:\/\/api.w.org\/{rel}","templated":true}]}}