{"id":42,"date":"2025-03-06T21:42:02","date_gmt":"2025-03-06T20:42:02","guid":{"rendered":"http:\/\/lacasonadesames.com\/casa-rural-picosdeeuropa\/?page_id=42"},"modified":"2026-03-18T21:04:19","modified_gmt":"2026-03-18T20:04:19","slug":"tarifas-y-reservas","status":"publish","type":"page","link":"http:\/\/lacasonadesames.com\/casa-rural-picosdeeuropa\/tarifas-y-reservas\/","title":{"rendered":"Tarifas y reservas"},"content":{"rendered":"\n<p>Casa rural La Casona de Sames se alquila por habitaciones (dobles y matrimoniales). Todas las estancias llevan incluidos los desayunos y la limpieza diaria. Si necesitases alg\u00fan desayuno fuera de lo habitual (intolerancias, alergias), no dudes en consultarlo<br> Seg\u00fan temporada el precio por habitaci\u00f3n es :<\/p>\n\n\n\n<ul class=\"wp-block-list\">\n<li>Temporada Alta (S.Santa, Julio, Agosto, Navidad, puentes)<\/li>\n<\/ul>\n\n\n\n<p>&#8211; 90 eur \/ d\u00eda<\/p>\n\n\n\n<ul class=\"wp-block-list\">\n<li>Temporada Media (15-30 junio,  1-15 septiembre)<\/li>\n<\/ul>\n\n\n\n<p><\/p>\n\n\n\n<p>\u2013 80 eur \/ d\u00eda<\/p>\n\n\n\n<ul class=\"wp-block-list\">\n<li>Temporada&nbsp; Baja&nbsp; (resto del a\u00f1o)<\/li>\n<\/ul>\n\n\n\n<p>\u2013 70 eur \/ d\u00eda<br><br> IVA&nbsp; inclu\u00eddo.<\/p>\n\n\n<div class=\"wp-block-image\">\n<figure class=\"aligncenter size-full\"><img loading=\"lazy\" decoding=\"async\" width=\"600\" height=\"825\" src=\"https:\/\/lacasonadesames.com\/casa-rural-picosdeeuropa\/wp-content\/uploads\/2026\/03\/acartel-bono-rural-asturias.jpg\" alt=\"\" class=\"wp-image-325\" srcset=\"http:\/\/lacasonadesames.com\/casa-rural-picosdeeuropa\/wp-content\/uploads\/2026\/03\/acartel-bono-rural-asturias.jpg 600w, http:\/\/lacasonadesames.com\/casa-rural-picosdeeuropa\/wp-content\/uploads\/2026\/03\/acartel-bono-rural-asturias-218x300.jpg 218w\" sizes=\"auto, (max-width: 600px) 100vw, 600px\" \/><\/figure>\n<\/div>\n\n\n<div class=\"wpcf7 no-js\" id=\"wpcf7-f123-o1\" lang=\"es-ES\" dir=\"ltr\" data-wpcf7-id=\"123\">\n<div class=\"screen-reader-response\"><p role=\"status\" aria-live=\"polite\" aria-atomic=\"true\"><\/p> <ul><\/ul><\/div>\n<form action=\"\/casa-rural-picosdeeuropa\/wp-json\/wp\/v2\/pages\/42#wpcf7-f123-o1\" method=\"post\" class=\"wpcf7-form init\" aria-label=\"Formulario de contacto\" novalidate=\"novalidate\" data-status=\"init\">\n<fieldset class=\"hidden-fields-container\"><input type=\"hidden\" name=\"_wpcf7\" value=\"123\" \/><input type=\"hidden\" name=\"_wpcf7_version\" value=\"6.1.5\" \/><input type=\"hidden\" name=\"_wpcf7_locale\" value=\"es_ES\" \/><input type=\"hidden\" name=\"_wpcf7_unit_tag\" value=\"wpcf7-f123-o1\" \/><input type=\"hidden\" name=\"_wpcf7_container_post\" value=\"0\" \/><input type=\"hidden\" name=\"_wpcf7_posted_data_hash\" value=\"\" \/>\n<\/fieldset>\n<p><label> Tu nombre (requerido)<br \/>\n<span class=\"wpcf7-form-control-wrap\" data-name=\"your-name\"><input size=\"40\" maxlength=\"400\" class=\"wpcf7-form-control wpcf7-text wpcf7-validates-as-required\" aria-required=\"true\" aria-invalid=\"false\" value=\"\" type=\"text\" name=\"your-name\" \/><\/span> <\/label>\n<\/p>\n<p><label> Tu correo electr\u00f3nico (necesario)<br \/>\n<span class=\"wpcf7-form-control-wrap\" data-name=\"your-email\"><input size=\"40\" maxlength=\"400\" class=\"wpcf7-form-control wpcf7-email wpcf7-validates-as-required wpcf7-text wpcf7-validates-as-email\" aria-required=\"true\" aria-invalid=\"false\" value=\"\" type=\"email\" name=\"your-email\" \/><\/span> <\/label>\n<\/p>\n<p><label>Confirma tu correo (necesario)<br \/>\n<span class=\"wpcf7-form-control-wrap\" data-name=\"email-937\"><input size=\"40\" maxlength=\"400\" class=\"wpcf7-form-control wpcf7-email wpcf7-validates-as-required wpcf7-text wpcf7-validates-as-email\" aria-required=\"true\" aria-invalid=\"false\" value=\"\" type=\"email\" name=\"email-937\" \/><\/span><\/label><br \/>\n<label>Prefijo Internacional de tel\u00e9fono (Espa\u00f1a +34)<br \/>\n<span class=\"wpcf7-form-control-wrap\" data-name=\"menu-785\"><select class=\"wpcf7-form-control wpcf7-select wpcf7-validates-as-required\" aria-required=\"true\" aria-invalid=\"false\" name=\"menu-785\"><option value=\"1\">1<\/option><option value=\"7\">7<\/option><option value=\"20\">20<\/option><option value=\"27\">27<\/option><option value=\"30\">30<\/option><option value=\"31\">31<\/option><option value=\"32\">32<\/option><option value=\"33\">33<\/option><option value=\"34\" selected=\"selected\">34<\/option><option value=\"36\">36<\/option><option value=\"39\">39<\/option><option value=\"40\">40<\/option><option value=\"41\">41<\/option><option value=\"43\">43<\/option><option value=\"44\">44<\/option><option value=\"45\">45<\/option><option value=\"46\">46<\/option><option value=\"47\">47<\/option><option value=\"48\">48<\/option><option value=\"49\">49<\/option><option value=\"51\">51<\/option><option value=\"52\">52<\/option><option value=\"53\">53<\/option><option value=\"54\">54<\/option><option value=\"55\">55<\/option><option value=\"56\">56<\/option><option value=\"57\">57<\/option><option value=\"58\">58<\/option><option value=\"60\">60<\/option><option value=\"61\">61<\/option><option value=\"62\">62<\/option><option value=\"63\">63<\/option><option value=\"64\">64<\/option><option value=\"65\">65<\/option><option value=\"66\">66<\/option><option value=\"81\">81<\/option><option value=\"82\">82<\/option><option value=\"84\">84<\/option><option value=\"86\">86<\/option><option value=\"90\">90<\/option><option value=\"91\">91<\/option><option value=\"92\">92<\/option><option value=\"93\">93<\/option><option value=\"94\">94<\/option><option value=\"95\">95<\/option><option value=\"98\">98<\/option><option value=\"212\">212<\/option><option value=\"213\">213<\/option><option value=\"216\">216<\/option><option value=\"218\">218<\/option><option value=\"220\">220<\/option><option value=\"221\">221<\/option><option value=\"222\">222<\/option><option value=\"223\">223<\/option><option value=\"224\">224<\/option><option value=\"225\">225<\/option><option value=\"226\">226<\/option><option value=\"227\">227<\/option><option value=\"228\">228<\/option><option value=\"229\">229<\/option><option value=\"230\">230<\/option><option value=\"231\">231<\/option><option value=\"232\">232<\/option><option value=\"233\">233<\/option><option value=\"234\">234<\/option><option value=\"235\">235<\/option><option value=\"236\">236<\/option><option value=\"237\">237<\/option><option value=\"238\">238<\/option><option value=\"239\">239<\/option><option value=\"240\">240<\/option><option value=\"241\">241<\/option><option value=\"242\">242<\/option><option value=\"243\">243<\/option><option value=\"244\">244<\/option><option value=\"245\">245<\/option><option value=\"248\">248<\/option><option value=\"249\">249<\/option><option value=\"250\">250<\/option><option value=\"251\">251<\/option><option value=\"252\">252<\/option><option value=\"253\">253<\/option><option value=\"254\">254<\/option><option value=\"255\">255<\/option><option value=\"256\">256<\/option><option value=\"257\">257<\/option><option value=\"258\">258<\/option><option value=\"260\">260<\/option><option value=\"261\">261<\/option><option value=\"262\">262<\/option><option value=\"263\">263<\/option><option value=\"264\">264<\/option><option value=\"265\">265<\/option><option value=\"266\">266<\/option><option value=\"267\">267<\/option><option value=\"268\">268<\/option><option value=\"269\">269<\/option><option value=\"290\">290<\/option><option value=\"291\">291<\/option><option value=\"297\">297<\/option><option value=\"298\">298<\/option><option value=\"299\">299<\/option><option value=\"350\">350<\/option><option value=\"351\">351<\/option><option value=\"352\">352<\/option><option value=\"353\">353<\/option><option value=\"354\">354<\/option><option value=\"355\">355<\/option><option value=\"356\">356<\/option><option value=\"357\">357<\/option><option value=\"358\">358<\/option><option value=\"359\">359<\/option><option value=\"370\">370<\/option><option value=\"371\">371<\/option><option value=\"372\">372<\/option><option value=\"373\">373<\/option><option value=\"374\">374<\/option><option value=\"375\">375<\/option><option value=\"376\">376<\/option><option value=\"377\">377<\/option><option value=\"378\">378<\/option><option value=\"380\">380<\/option><option value=\"381\">381<\/option><option value=\"382\">382<\/option><option value=\"385\">385<\/option><option value=\"386\">386<\/option><option value=\"387\">387<\/option><option value=\"389\">389<\/option><option value=\"420\">420<\/option><option value=\"421\">421<\/option><option value=\"423\">423<\/option><option value=\"500\">500<\/option><option value=\"501\">501<\/option><option value=\"502\">502<\/option><option value=\"503\">503<\/option><option value=\"504\">504<\/option><option value=\"505\">505<\/option><option value=\"506\">506<\/option><option value=\"507\">507<\/option><option value=\"508\">508<\/option><option value=\"509\">509<\/option><option value=\"590\">590<\/option><option value=\"591\">591<\/option><option value=\"592\">592<\/option><option value=\"593\">593<\/option><option value=\"595\">595<\/option><option value=\"597\">597<\/option><option value=\"598\">598<\/option><option value=\"599\">599<\/option><option value=\"670\">670<\/option><option value=\"672\">672<\/option><option value=\"673\">673<\/option><option value=\"674\">674<\/option><option value=\"675\">675<\/option><option value=\"676\">676<\/option><option value=\"677\">677<\/option><option value=\"678\">678<\/option><option value=\"679\">679<\/option><option value=\"680\">680<\/option><option value=\"681\">681<\/option><option value=\"682\">682<\/option><option value=\"683\">683<\/option><option value=\"685\">685<\/option><option value=\"686\">686<\/option><option value=\"687\">687<\/option><option value=\"688\">688<\/option><option value=\"689\">689<\/option><option value=\"690\">690<\/option><option value=\"691\">691<\/option><option value=\"692\">692<\/option><option value=\"850\">850<\/option><option value=\"852\">852<\/option><option value=\"853\">853<\/option><option value=\"855\">855<\/option><option value=\"856\">856<\/option><option value=\"870\">870<\/option><option value=\"880\">880<\/option><option value=\"886\">886<\/option><option value=\"960\">960<\/option><option value=\"961\">961<\/option><option value=\"962\">962<\/option><option value=\"963\">963<\/option><option value=\"964\">964<\/option><option value=\"965\">965<\/option><option value=\"966\">966<\/option><option value=\"967\">967<\/option><option value=\"968\">968<\/option><option value=\"971\">971<\/option><option value=\"972\">972<\/option><option value=\"973\">973<\/option><option value=\"974\">974<\/option><option value=\"975\">975<\/option><option value=\"976\">976<\/option><option value=\"977\">977<\/option><option value=\"992\">992<\/option><option value=\"993\">993<\/option><option value=\"994\">994<\/option><option value=\"995\">995<\/option><option value=\"996\">996<\/option><option value=\"998\">998<\/option><\/select><\/span><br \/>\n<\/label><br \/>\n<label>Tu tel\u00e9fono (necesario)<br \/>\n<span class=\"wpcf7-form-control-wrap\" data-name=\"tel-292\"><input size=\"40\" maxlength=\"400\" class=\"wpcf7-form-control wpcf7-tel wpcf7-validates-as-required wpcf7-text wpcf7-validates-as-tel\" aria-required=\"true\" aria-invalid=\"false\" value=\"\" type=\"tel\" name=\"tel-292\" \/><\/span><\/label>\n<\/p>\n<p><label> Fecha de entrada<br \/>\n<span class=\"wpcf7-form-control-wrap\" data-name=\"date-830\"><input class=\"wpcf7-form-control wpcf7-date wpcf7-validates-as-required wpcf7-validates-as-date\" id=\"entra\" aria-required=\"true\" aria-invalid=\"false\" value=\"2026-05-10\" type=\"date\" name=\"date-830\" \/><\/span><\/label>\n<\/p>\n<p><label>N\u00famero de noches<br \/>\n<span class=\"wpcf7-form-control-wrap\" data-name=\"menu-678\"><select class=\"wpcf7-form-control wpcf7-select wpcf7-validates-as-required\" aria-required=\"true\" aria-invalid=\"false\" name=\"menu-678\"><option value=\"\">&#8212;Por favor, elige una opci\u00f3n&#8212;<\/option><option value=\"2\" selected=\"selected\">2<\/option><option value=\"3\">3<\/option><option value=\"4\">4<\/option><option value=\"5\">5<\/option><option value=\"6\">6<\/option><option value=\"7\">7<\/option><option value=\"8\">8<\/option><option value=\"9\">9<\/option><option value=\"10\">10<\/option><option value=\"11\">11<\/option><option value=\"12\">12<\/option><option value=\"13\">13<\/option><option value=\"14\">14<\/option><option value=\"M\u00e1s\">M\u00e1s<\/option><\/select><\/span><\/label>\n<\/p>\n<p><label>N\u00famero de adultos<br \/>\n<span class=\"wpcf7-form-control-wrap\" data-name=\"menu-186\"><select class=\"wpcf7-form-control wpcf7-select wpcf7-validates-as-required\" aria-required=\"true\" aria-invalid=\"false\" name=\"menu-186\"><option value=\"\">&#8212;Por favor, elige una opci\u00f3n&#8212;<\/option><option value=\"1\">1<\/option><option value=\"2\" selected=\"selected\">2<\/option><option value=\"3\">3<\/option><option value=\"4\">4<\/option><option value=\"5\">5<\/option><option value=\"6\">6<\/option><option value=\"7\">7<\/option><option value=\"8\">8<\/option><option value=\"9\">9<\/option><option value=\"10\">10<\/option><\/select><\/span><\/label>\n<\/p>\n<p><label>N\u00famero de menores de 12<br \/>\n<span class=\"wpcf7-form-control-wrap\" data-name=\"menu-297\"><select class=\"wpcf7-form-control wpcf7-select wpcf7-validates-as-required\" aria-required=\"true\" aria-invalid=\"false\" name=\"menu-297\"><option value=\"\">&#8212;Por favor, elige una opci\u00f3n&#8212;<\/option><option value=\"0\" selected=\"selected\">0<\/option><option value=\"1\">1<\/option><option value=\"2\">2<\/option><option value=\"3\">3<\/option><option value=\"4\">4<\/option><option value=\"5\">5<\/option><option value=\"6\">6<\/option><option value=\"7\">7<\/option><option value=\"8\">8<\/option><option value=\"9\">9<\/option><\/select><\/span><\/label>\n<\/p>\n<p><label>Preferencia cama (seg\u00fan disponibilidad)<br \/>\n<span class=\"wpcf7-form-control-wrap\" data-name=\"menu-783\"><select class=\"wpcf7-form-control wpcf7-select\" aria-invalid=\"false\" name=\"menu-783\"><option value=\"\">&#8212;Por favor, elige una opci\u00f3n&#8212;<\/option><option value=\"Ninguna\" selected=\"selected\">Ninguna<\/option><option value=\"2 individuales\">2 individuales<\/option><option value=\"1 Matrimonio\">1 Matrimonio<\/option><\/select><\/span><\/label>\n<\/p>\n<p><label>Alg\u00fan viajero tiene particularidad alimenticia<br \/>\n<span class=\"wpcf7-form-control-wrap\" data-name=\"menu-672\"><select class=\"wpcf7-form-control wpcf7-select\" aria-invalid=\"false\" name=\"menu-672\"><option value=\"\">&#8212;Por favor, elige una opci\u00f3n&#8212;<\/option><option value=\"S\u00ed\">S\u00ed<\/option><option value=\"No\">No<\/option><\/select><\/span><\/label>\n<\/p>\n<p><label> Otros comentarios<br \/>\n<span class=\"wpcf7-form-control-wrap\" data-name=\"your-message\"><textarea cols=\"40\" rows=\"10\" maxlength=\"2000\" class=\"wpcf7-form-control wpcf7-textarea\" aria-invalid=\"false\" name=\"your-message\"><\/textarea><\/span> <\/label>\n<\/p>\n<p><input class=\"wpcf7-form-control wpcf7-submit has-spinner\" type=\"submit\" value=\"Enviar\" \/>\n<\/p>\n<p><span class=\"wpcf7-form-control-wrap\" data-name=\"acceptance-676\"><span class=\"wpcf7-form-control wpcf7-acceptance optional\"><span class=\"wpcf7-list-item\"><input type=\"checkbox\" name=\"acceptance-676\" value=\"1\" aria-invalid=\"false\" \/><\/span><\/span><\/span> Acepto las condiciones de RGPD y <a href=\"aviso-legal\" target=\"_blank\">Aviso Legal<\/a>.<br \/>\nLos datos de car\u00e1cter personal recogidos a trav\u00e9s de formulario\/email ser\u00e1n incorporados a un fichero titularidad de LA CASONA DE SAMES CB cuya finalidad es la atencion de consulta, sugerencias y la gestion de contactos y reservas; as\u00ed como env\u00edo de boletines y ofertas. Ud. puede ejercitar gratuitamente los derechos de acceso, rectificacion, cancelacion y oposicion enviando comunicacion a Sames 4, 33558 Amieva, o a info@lacasonadesames.com.\n<\/p><div class=\"wpcf7-response-output\" aria-hidden=\"true\"><\/div>\n<\/form>\n<\/div>\n\n","protected":false},"excerpt":{"rendered":"<p>Casa rural La Casona de Sames se alquila por habitaciones (dobles y matrimoniales). Todas las estancias llevan incluidos los desayunos y la limpieza diaria. Si necesitases alg\u00fan desayuno fuera de lo habitual (intolerancias, alergias), no dudes en consultarlo Seg\u00fan temporada el precio por habitaci\u00f3n es : &#8211; 90 eur \/ d\u00eda \u2013 80 eur \/ [&hellip;]<\/p>\n","protected":false},"author":1,"featured_media":209,"parent":0,"menu_order":0,"comment_status":"closed","ping_status":"closed","template":"","meta":{"_genesis_hide_title":false,"_genesis_hide_breadcrumbs":false,"_genesis_hide_singular_image":false,"_genesis_hide_footer_widgets":false,"_genesis_custom_body_class":"","_genesis_custom_post_class":"","_genesis_layout":"","ngg_post_thumbnail":0,"footnotes":""},"class_list":{"0":"post-42","1":"page","2":"type-page","3":"status-publish","4":"has-post-thumbnail","6":"entry"},"_links":{"self":[{"href":"http:\/\/lacasonadesames.com\/casa-rural-picosdeeuropa\/wp-json\/wp\/v2\/pages\/42","targetHints":{"allow":["GET"]}}],"collection":[{"href":"http:\/\/lacasonadesames.com\/casa-rural-picosdeeuropa\/wp-json\/wp\/v2\/pages"}],"about":[{"href":"http:\/\/lacasonadesames.com\/casa-rural-picosdeeuropa\/wp-json\/wp\/v2\/types\/page"}],"author":[{"embeddable":true,"href":"http:\/\/lacasonadesames.com\/casa-rural-picosdeeuropa\/wp-json\/wp\/v2\/users\/1"}],"replies":[{"embeddable":true,"href":"http:\/\/lacasonadesames.com\/casa-rural-picosdeeuropa\/wp-json\/wp\/v2\/comments?post=42"}],"version-history":[{"count":12,"href":"http:\/\/lacasonadesames.com\/casa-rural-picosdeeuropa\/wp-json\/wp\/v2\/pages\/42\/revisions"}],"predecessor-version":[{"id":326,"href":"http:\/\/lacasonadesames.com\/casa-rural-picosdeeuropa\/wp-json\/wp\/v2\/pages\/42\/revisions\/326"}],"wp:featuredmedia":[{"embeddable":true,"href":"http:\/\/lacasonadesames.com\/casa-rural-picosdeeuropa\/wp-json\/wp\/v2\/media\/209"}],"wp:attachment":[{"href":"http:\/\/lacasonadesames.com\/casa-rural-picosdeeuropa\/wp-json\/wp\/v2\/media?parent=42"}],"curies":[{"name":"wp","href":"https:\/\/api.w.org\/{rel}","templated":true}]}}