{"id":68,"date":"2019-03-07T21:43:16","date_gmt":"2019-03-07T20:43:16","guid":{"rendered":"http:\/\/lacasonadesames.com\/casa-rural-picosdeeuropa\/?page_id=68"},"modified":"2019-03-07T21:43:18","modified_gmt":"2019-03-07T20:43:18","slug":"aviso-legal","status":"publish","type":"page","link":"http:\/\/lacasonadesames.com\/casa-rural-picosdeeuropa\/aviso-legal\/","title":{"rendered":"Aviso Legal"},"content":{"rendered":"\n<p>Nuestro sitio web www.lacasonadesames.com utiliza una tecnolog\u00eda denominada cookies, con la finalidad de poder recabar <strong>informaci\u00f3n estad\u00edstica an\u00f3nima<\/strong> acerca del uso del sitio web.<br>\nLe informamos que podemos utilizar cookies con la finalidad de <strong>facilitar<\/strong>\n su navegaci\u00f3n a trav\u00e9s del sitio web, distinguirle de otros usuarios, \nproporcionarle una mejor experiencia en el uso del mismo, e identificar \nproblemas para mejorar nuestro sitio web. Asimismo, en caso de que \npreste su consentimiento, utilizaremos cookies que nos permitan obtener \nm\u00e1s informaci\u00f3n acerca de sus preferencias y <strong>personalizar<\/strong> nuestro sitio web de conformidad con sus intereses individuales.<\/p>\n\n\n\n<p><strong> Qu\u00e9 son cookies?<\/strong><\/p>\n\n\n\n<p>Una\n cookie es un fichero que se env\u00eda a un navegador, a trav\u00e9s de un \nservidor, para registrar las actividades que tienen lugar en una web. \nEstos ficheros permiten que el sitio web almacene informaci\u00f3n b\u00e1sica \nsobre las preferencias b\u00e1sicas del usuario (idioma, configuraci\u00f3n, \ncontenido, dise\u00f1o) y desempe\u00f1an un papel importante en materia de \nusabilidad y experiencia de navegaci\u00f3n.<\/p>\n\n\n\n<p><strong> Cookies anal\u00edticas<\/strong>:\n en nuestro sitio cookies que almacenan informaci\u00f3n sobre la actividad \nde los usuarios en una web. La informaci\u00f3n recogida se utiliza para \nelaborar perfiles de navegaci\u00f3n con el fin de optimizar los servicios \nofertados.<br>\nPuede permitir, bloquear o eliminar las cookies instaladas en su equipo \nmediante la configuraci\u00f3n de las opciones de su navegador de Internet.<br>\nSi quisiese retirar en cualquier momento su consentimiento relacionado \ncon la presente Politica de Cookies, deber\u00e1 eliminar las cookies \nalmacenadas a trav\u00e9s de los ajustes y configuraciones de su navegador de\n Internet.<br>\nC\u00f3mo?<\/p>\n\n\n\n<p>Aqu\u00ed le ofrecemos informaci\u00f3n para que pueda deshabilitar \nlas cookies de los principales navegadores, si su navegador no aparece \nen esta lista por favor contacta con tu proveedor de software:<\/p>\n\n\n\n<p>Google Chrome<\/p>\n\n\n\n<p>En\n el men\u00fa de configuraci\u00f3n, selecciona \u2018mostrar configuraci\u00f3n avanzada\u2019 \nen la parte inferior de la p\u00e1gina selecciona la tecla de \u2018configuraci\u00f3n \nde contenido\u2019 en la secci\u00f3n de privacidad. La secci\u00f3n de la parte \nsuperior de la p\u00e1gina que aparece te da informaci\u00f3n sobre las cookies y \nte permite fijar las cookies que quieres. Tambi\u00e9n te permite borrar \ncualquier cookie que tengas almacenada en ese momento.<\/p>\n\n\n\n<p>Mozilla Firefox<\/p>\n\n\n\n<p>En\n el men\u00fa de herramientas, selecciona \u2018opciones\u2019 Selecciona la etiqueta \nde privacidad en el recuadro de opciones Del men\u00fa desplegable elige \n\u2018usar configuraci\u00f3n personalizada para el historial\u2019. Esto mostrar\u00e1 las \nopciones de cookies y podr\u00e1s optar por activarlas o desactivarlas \nmarcando la casilla correspondiente.<\/p>\n\n\n\n<p>Internet Explorer 6+<\/p>\n\n\n\n<p>En\n el men\u00fa de herramientas, selecciona \u2018Opciones de Internet\u2019. Haz clic en\n la pesta\u00f1a de privacidad . Ver\u00e1s un cursor de desplazamiento para \nconfigurar la privacidad que tiene seis posiciones que te permiten \ncontrolar la cantidad de cookies que se instalar\u00e1n: Bloquear todas las \ncookies, Alta, Media Alto, Media (nivel por defecto), Baja, y Aceptar \ntodas las cookies.<\/p>\n\n\n\n<p><strong>Politica de cancelaciones <\/strong><\/p>\n\n\n\n<p>Segun DECRETO 143\/2002, de 14 de noviembre, de Alojamientos de Turismo Rural del Principado de Asturias, le informamos que :<br>\n<em>\u2018\u2026 cuando el desistimiento (cancelacion) le sea comunicado con m\u00e1s de\n siete y menos de quince d\u00edas de antelaci\u00f3n al se\u00f1alado para la \nocupaci\u00f3n, el titular del establecimiento podr\u00e1 retener el 50% del \nimporte del dep\u00f3sito, o la totalidad del mismo si la comunicaci\u00f3n se \nefect\u00faa dentro del plazo de siete d\u00edas anteriores a dicha fecha.\u2019 \u2026<\/em><br>\n<em>\u2018\u2026Si el cliente no llega al establecimiento antes de las veinte horas\n del d\u00eda se\u00f1alado para el comienzo de la estancia, se entender\u00e1 anulada \nla reserva\u2026\u2019<\/em><\/p>\n\n\n\n<p><strong> Proteccion de datos personales<\/strong><\/p>\n\n\n\n<p>Los\n datos de car\u00e1cter personal recogidos a trav\u00e9s de formulario\/email ser\u00e1n\n incorporados a un fichero titularidad de LA CASONA DE SAMES CB cuya \nfinalidad es la atencion de consulta, sugerencias y la gestion de \ncontactos y reservas, as\u00ed como el env\u00edo de boletines y ofertas. Ud. \npuede ejercitar gratuitamente los derechos de acceso, rectificacion, \ncancelacion y oposicion enviando comunicacion a Sames 4, 33558 Amieva, o\n a info@lacasonadesames.com.<\/p>\n\n\n\n<p>LA CASONA DE SAMES CB, en \ncumplimiento de la RGPD, LOPD y la LSSI informa de la ubicacion de sus \nservidores en Espa\u00f1a y\/o UE y facilita esta informacion en funci\u00f3n de \nlas condiciones de servicio de su proveedor de internet.<\/p>\n\n\n\n<p>LA CASONA\n DE SAMES CB asegura la absoluta confidencialidad y privacidad de los \ndatos personales recogidos y por ello se han adoptado medidas de \nseguridad para evitar la alteracion, perdida, tratamiento o acceso no \nautorizado y garantizar asi su integridad y seguridad.<\/p>\n\n\n\n<p><strong> Ley de servicios de la sociedad de la informacion<\/strong><\/p>\n\n\n\n<p>Segun\n la legislacion vigente, le informamos este sitio web es propiedad de La\n Casona de Sames CB&nbsp; CIF E74200882 con domicilio en Sames 4 , 33558 \u2013 \nAmieva ASTURIAS y ha sido inscrito en la Consejeria de Turismo de \nAsturias con la calificacion CA 1049<\/p>\n","protected":false},"excerpt":{"rendered":"<p>Nuestro sitio web www.lacasonadesames.com utiliza una tecnolog\u00eda denominada cookies, con la finalidad de poder recabar informaci\u00f3n estad\u00edstica an\u00f3nima acerca del uso del sitio web. Le informamos que podemos utilizar cookies con la finalidad de facilitar su navegaci\u00f3n a trav\u00e9s del sitio web, distinguirle de otros usuarios, proporcionarle una mejor experiencia en el uso del mismo, [&hellip;]<\/p>\n","protected":false},"author":1,"featured_media":0,"parent":0,"menu_order":0,"comment_status":"closed","ping_status":"closed","template":"","meta":{"_genesis_hide_title":false,"_genesis_hide_breadcrumbs":false,"_genesis_hide_singular_image":false,"_genesis_hide_footer_widgets":false,"_genesis_custom_body_class":"","_genesis_custom_post_class":"","_genesis_layout":"","ngg_post_thumbnail":0,"footnotes":""},"class_list":{"0":"post-68","1":"page","2":"type-page","3":"status-publish","5":"entry"},"_links":{"self":[{"href":"http:\/\/lacasonadesames.com\/casa-rural-picosdeeuropa\/wp-json\/wp\/v2\/pages\/68","targetHints":{"allow":["GET"]}}],"collection":[{"href":"http:\/\/lacasonadesames.com\/casa-rural-picosdeeuropa\/wp-json\/wp\/v2\/pages"}],"about":[{"href":"http:\/\/lacasonadesames.com\/casa-rural-picosdeeuropa\/wp-json\/wp\/v2\/types\/page"}],"author":[{"embeddable":true,"href":"http:\/\/lacasonadesames.com\/casa-rural-picosdeeuropa\/wp-json\/wp\/v2\/users\/1"}],"replies":[{"embeddable":true,"href":"http:\/\/lacasonadesames.com\/casa-rural-picosdeeuropa\/wp-json\/wp\/v2\/comments?post=68"}],"version-history":[{"count":2,"href":"http:\/\/lacasonadesames.com\/casa-rural-picosdeeuropa\/wp-json\/wp\/v2\/pages\/68\/revisions"}],"predecessor-version":[{"id":124,"href":"http:\/\/lacasonadesames.com\/casa-rural-picosdeeuropa\/wp-json\/wp\/v2\/pages\/68\/revisions\/124"}],"wp:attachment":[{"href":"http:\/\/lacasonadesames.com\/casa-rural-picosdeeuropa\/wp-json\/wp\/v2\/media?parent=68"}],"curies":[{"name":"wp","href":"https:\/\/api.w.org\/{rel}","templated":true}]}}